{"id":18,"date":"2017-06-10T08:25:52","date_gmt":"2017-06-10T08:25:52","guid":{"rendered":"http:\/\/xtratheme.combusiness-2\/?page_id=10"},"modified":"2025-11-21T15:12:00","modified_gmt":"2025-11-21T14:12:00","slug":"contact","status":"publish","type":"page","link":"https:\/\/www.marconi-guards.cz\/de\/contact\/","title":{"rendered":"Contact"},"content":{"rendered":"<div class=\"wpb-content-wrapper\"><div id=\"kontakt\" class=\"vc_row wpb_row vc_row-fluid vc_custom_1763734318681 vc_row-has-fill\"><div class=\"wpb_column vc_column_container vc_col-sm-12 vc_col-lg-4\"><div class=\"vc_column-inner vc_custom_1514384955205\"><div class=\"wpb_wrapper\"><div id=\"cz_65279\" class=\"cz_65279 cz_title clr cz_title_pos_inline\"><div class=\"cz_title_content\"><div class=\"cz_wpe_content\"><h3><span style=\"font-size: 32px;\">Senden Sie uns eine Nachricht <\/span><\/h3>\n<\/div><\/div><\/div><div class=\"cz_gap clr\" style=\"height: 50px\"><\/div><div id=\"cz_65227\" class=\"cz_65227 cz_cf7 clr\"><div>\n<div class=\"wpcf7 no-js\" id=\"wpcf7-f510-o1\" lang=\"en-US\" dir=\"ltr\" data-wpcf7-id=\"510\">\n<div class=\"screen-reader-response\"><p role=\"status\" aria-live=\"polite\" aria-atomic=\"true\"><\/p> <ul><\/ul><\/div>\n<form action=\"\/de\/wp-json\/wp\/v2\/pages\/18#wpcf7-f510-o1\" method=\"post\" class=\"wpcf7-form init\" aria-label=\"Contact form\" novalidate=\"novalidate\" data-status=\"init\" data-trp-original-action=\"\/de\/wp-json\/wp\/v2\/pages\/18#wpcf7-f510-o1\">\n<fieldset class=\"hidden-fields-container\"><input type=\"hidden\" name=\"_wpcf7\" value=\"510\" \/><input type=\"hidden\" name=\"_wpcf7_version\" value=\"6.1.3\" \/><input type=\"hidden\" name=\"_wpcf7_locale\" value=\"en_US\" \/><input type=\"hidden\" name=\"_wpcf7_unit_tag\" value=\"wpcf7-f510-o1\" \/><input type=\"hidden\" name=\"_wpcf7_container_post\" value=\"0\" \/><input type=\"hidden\" name=\"_wpcf7_posted_data_hash\" value=\"\" \/>\n<\/fieldset>\n<p><label> Ihr Name(*) <\/label><br \/>\n<span class=\"wpcf7-form-control-wrap\" data-name=\"your-name\"><input size=\"40\" maxlength=\"400\" class=\"wpcf7-form-control wpcf7-text wpcf7-validates-as-required\" aria-required=\"true\" aria-invalid=\"false\" value=\"\" type=\"text\" name=\"your-name\" \/><\/span>\n<\/p>\n<p><label> Ihre E-Mail-Adresse (*) <\/label><br \/>\n<span class=\"wpcf7-form-control-wrap\" data-name=\"your-email\"><input size=\"40\" maxlength=\"400\" class=\"wpcf7-form-control wpcf7-email wpcf7-validates-as-required wpcf7-text wpcf7-validates-as-email\" aria-required=\"true\" aria-invalid=\"false\" value=\"\" type=\"email\" name=\"your-email\" \/><\/span>\n<\/p>\n<p><label> Telefon <\/label><br \/>\n<span class=\"wpcf7-form-control-wrap\" data-name=\"your-phone\"><input size=\"40\" maxlength=\"400\" class=\"wpcf7-form-control wpcf7-text\" aria-invalid=\"false\" value=\"\" type=\"text\" name=\"your-phone\" \/><\/span>\n<\/p>\n<p><label> Unsere Dienstleistungen<\/label><br \/>\n<span class=\"wpcf7-form-control-wrap\" data-name=\"menu-178\"><select class=\"wpcf7-form-control wpcf7-select\" aria-invalid=\"false\" name=\"menu-178\"><option value=\"Osobn\u00e1 ochrana\">Personenschutz<\/option><option value=\"Ochrana majetku\">Objektschutz<\/option><option value=\"Bezpe\u010dnostn\u00e9 slu\u017eby\">Sicherheitsdienstleistungen<\/option><option value=\"Detekt\u00edvne slu\u017eby\">Detektivdienstleistungen<\/option><option value=\"Preprava pe\u0148az\u00ed a cennost\u00ed\">Transport von Geld und Wertgegenst\u00e4nden<\/option><option value=\"Vym\u00e1hanie poh\u013ead\u00e1vok\">Forderungseintreibung<\/option><\/select><\/span>\n<\/p>\n<p><label> Ihre Nachricht <\/label><br \/>\n<span class=\"wpcf7-form-control-wrap\" data-name=\"your-message\"><textarea cols=\"40\" rows=\"10\" maxlength=\"2000\" class=\"wpcf7-form-control wpcf7-textarea\" aria-invalid=\"false\" name=\"your-message\"><\/textarea><\/span>\n<\/p>\n<p><input class=\"wpcf7-form-control wpcf7-submit has-spinner\" type=\"submit\" value=\"Senden\" \/>\n<\/p><div class=\"wpcf7-response-output\" aria-hidden=\"true\"><\/div>\n<input type=\"hidden\" name=\"trp-form-language\" value=\"de\"\/><\/form>\n<\/div>\n<\/div><\/div><\/div><\/div><\/div><div class=\"wpb_column vc_column_container vc_col-sm-12 vc_col-lg-8\"><div class=\"vc_column-inner vc_custom_1514384969227\"><div class=\"wpb_wrapper\"><div class=\"vc_row wpb_row vc_inner vc_row-fluid\"><div class=\"wpb_column vc_column_container vc_col-sm-12 vc_col-lg-12 vc_col-md-12\"><div class=\"vc_column-inner\"><div class=\"wpb_wrapper\"><div id=\"cz_100492\" class=\"cz_100492 cz_title clr cz_title_has_icon cz_title_pos_inline\"><a href=\"mailto:office@marconi-guards.cz\"><div class=\"cz_title_content\"><i class=\"cz_title_icon_before fa fa-envelope-o\"><\/i><div class=\"cz_wpe_content\"><h3>E-mail<\/h3>\n<p>office@marconi-guards.cz<\/p>\n<\/div><\/div><\/a><\/div><div id=\"cz_95547\" class=\"cz_95547 cz_title clr cz_title_has_icon cz_title_pos_inline\"><a href=\"tel:+436642118123\"><div class=\"cz_title_content\"><i class=\"cz_title_icon_before fa fa-volume-control-phone\"><\/i><div class=\"cz_wpe_content\"><h3>Telefon<\/h3>\n<p>+43 664 211 81 23<\/p>\n<\/div><\/div><\/a><\/div><div id=\"cz_98094\" class=\"cz_98094 cz_title clr cz_title_has_icon cz_title_pos_inline\"><a href=\"https:\/\/maps.app.goo.gl\/AMsutQzoxKue7L9P6\"><div class=\"cz_title_content\"><i class=\"cz_title_icon_before fa fa-map-marker\"><\/i><div class=\"cz_wpe_content\"><h3>Adresse<\/h3>\n<p>Starom\u011bstsk\u00e1 534, Star\u00e9 M\u011bsto, T\u0159inec, 73961, \u010cesk\u00e1 republika<\/p>\n<\/div><\/div><\/a><\/div><\/div><\/div><\/div><\/div><div class=\"wpb_gmaps_widget wpb_content_element\"><div class=\"wpb_wrapper\"><div class=\"wpb_map_wraper\"><iframe loading=\"lazy\" src=\"https:\/\/maps.google.com\/maps?q=Starom%C4%9Bstsk%C3%A1%20534%20Star%C3%A9%20M%C4%9Bsto%2073961%20T%C5%99inec%20%C4%8Cesk%C3%A1%20Republika&#038;t=m&#038;z=15&#038;output=embed&#038;iwloc=near\" title=\"Starom\u011bstsk\u00e1 534 Star\u00e9 M\u011bsto 73961 T\u0159inec \u010cesk\u00e1 Republika\" aria-label=\"Starom\u011bstsk\u00e1 534 Star\u00e9 M\u011bsto 73961 T\u0159inec \u010cesk\u00e1 Republika\" height=\"450\" ><\/iframe><\/div><\/div><\/div><\/div><\/div><\/div><\/div>\n<\/div>","protected":false},"excerpt":{"rendered":"Po\u0161lite n\u00e1m spr\u00e1vu Va\u0161e meno (*) V\u00e1\u0161 e-mail (*) Telef\u00f3n Na\u0161e slu\u017eby Osobn\u00e1 ochranaOchrana majetkuBezpe\u010dnostn\u00e9 slu\u017ebyDetekt\u00edvne slu\u017ebyPreprava pe\u0148az\u00ed a cennost\u00edVym\u00e1hanie","protected":false},"author":1,"featured_media":0,"parent":0,"menu_order":0,"comment_status":"closed","ping_status":"closed","template":"","meta":{"footnotes":""},"class_list":["post-18","page","type-page","status-publish","hentry"],"_links":{"self":[{"href":"https:\/\/www.marconi-guards.cz\/de\/wp-json\/wp\/v2\/pages\/18","targetHints":{"allow":["GET"]}}],"collection":[{"href":"https:\/\/www.marconi-guards.cz\/de\/wp-json\/wp\/v2\/pages"}],"about":[{"href":"https:\/\/www.marconi-guards.cz\/de\/wp-json\/wp\/v2\/types\/page"}],"author":[{"embeddable":true,"href":"https:\/\/www.marconi-guards.cz\/de\/wp-json\/wp\/v2\/users\/1"}],"replies":[{"embeddable":true,"href":"https:\/\/www.marconi-guards.cz\/de\/wp-json\/wp\/v2\/comments?post=18"}],"version-history":[{"count":14,"href":"https:\/\/www.marconi-guards.cz\/de\/wp-json\/wp\/v2\/pages\/18\/revisions"}],"predecessor-version":[{"id":1093,"href":"https:\/\/www.marconi-guards.cz\/de\/wp-json\/wp\/v2\/pages\/18\/revisions\/1093"}],"wp:attachment":[{"href":"https:\/\/www.marconi-guards.cz\/de\/wp-json\/wp\/v2\/media?parent=18"}],"curies":[{"name":"wp","href":"https:\/\/api.w.org\/{rel}","templated":true}]}}